{"id":41,"date":"2020-02-25T15:02:54","date_gmt":"2020-02-25T14:02:54","guid":{"rendered":"http:\/\/camping-les-silhols.com\/web\/?page_id=41"},"modified":"2020-03-24T15:25:07","modified_gmt":"2020-03-24T14:25:07","slug":"mentions-legales","status":"publish","type":"page","link":"https:\/\/camping-les-silhols.com\/web\/index.php\/mentions-legales\/","title":{"rendered":"Mentions l\u00e9gales"},"content":{"rendered":"\n<p><br><br><br>WEBMASTER<br>\u00a9\u00a0 Eric Benoist<br><br>PHOTOS &#8211; VIDEOS<br><br>Toutes  les photos, images, illustrations ou vid\u00e9os sont la propri\u00e9t\u00e9 de  Camping les Silhols\u00a0 et ne peuvent \u00eatre utilis\u00e9es sans autorisation.<br><br><br>Sauf  mention contraire, les droits de propri\u00e9t\u00e9 intellectuelle sur les  documents contenus dans ce site et chacun des \u00e9l\u00e9ments cr\u00e9\u00e9s pour ce  site sont la propri\u00e9t\u00e9 exclusive du Camping les Silhols\u00a0\u00a0\u00a0\u00a0 , celui-ci  ne conc\u00e9dant aucune licence, ni aucun droit autre que de consulter le  pr\u00e9sent site.<br><br>Ce site a pour objet de fournir des informations sur les prestations et services du Camping les Silhols<br>Le  Camping les Silhols s&#8217;efforcent d&#8217;assurer au mieux de ses possibilit\u00e9s,  l&#8217;exactitude et la mise \u00e0 jour des informations diffus\u00e9es sur ce site,  dont il se r\u00e9serve le droit de corriger \u00e0 tout moment et sans pr\u00e9avis,  le contenu. Toutefois, Le Camping les Silhols ne peut garantir  l&#8217;exactitude, la pr\u00e9cision ou l&#8217;exhaustivit\u00e9 des informations mises \u00e0  disposition sur ce site. En cons\u00e9quence, LeCamping les Silhols d\u00e9clinent  toute responsabilit\u00e9 pour toute impr\u00e9cision, inexactitude ou omission  portant sur des informations disponibles sur ce site. Cet avertissement  est soumis au droit fran\u00e7ais.<br><br><br>Pour toute remarque ou suggestion sur ce site, veuillez contacter :<br><strong>Camping &#8220;Les Silhols&#8221; 07150 LAGORCE <br>\u00a0\u00a0 Tel : 04.75.87.50.64\u00a0 Fax : 04.75.87.50.64<\/strong><br><br><br>H\u00c9BERGEMENT DU SITE<br>Eric Benoist<br>2 rue du Chassezac 07230 Maisonneuve Chandolas<br>Tel : 04 75 39 01 52<br><br>Selon la loi vous pouvez vous adresser \u00e0 notre h\u00e9bergeur \u00e0 l&#8217;adresse suivante :<br><br>OVH \u00a0<br>SAS au capital de 10 069 020 \u20ac<br>RCS Lille M\u00e9tropole 424 761 419 00045<br>Code APE 2620Z<br>N\u00b0 TVA : FR 22 424 761 419<br>Si\u00e8ge social : 2 rue Kellermann \u2013 59100 Roubaix \u2013 France <br><br> Raison sociale : SARL Camping les SILHOLS.<br>N\u00b0 SIRET : 433 440 385 000 14.<br>Capital social : 7700\u20ac.<br>N\u00b0 TVA intercommunautaire : FR 83 433 440 385.<\/p>\n\n\n\n<p><\/p>\n\n\n\n<p>Terms and Conditions:<\/p>\n\n\n\n<p>1-Application<\/p>\n\n\n\n<p>These General Terms and Conditions apply to all offers\nand bookings with regard to all accommodations and other facilities that are\nrented by Camping Les Silhols.<\/p>\n\n\n\n<p>In these General Terms and Conditions, the term\n&#8216;tenant&#8217; is understood to mean: the person who concludes an agreement with\nCamping Les Silhols regarding the rental \/ use of accommodation. The term\n&#8216;user&#8217; is understood to mean: the tenant and the persons specified by the\ntenant who (will) use the accommodation and \/ or other facilities rented by the\ntenant.<\/p>\n\n\n\n<p>2-Rental period<\/p>\n\n\n\n<p>The rental period for a weekend package in the low\nseason is a minimum of two nights.<\/p>\n\n\n\n<p>The rental period in the high season is at least one\nfull week.<\/p>\n\n\n\n<p>Arrival and departure:<\/p>\n\n\n\n<p>The rented accommodation can be occupied from 2 pm on\nthe agreed day of arrival as stated on the confirmation of the reservation. On\nthe agreed day of departure as stated on the confirmation of the reservation,\nthe accommodation must be vacated before 10 am.<\/p>\n\n\n\n<p>3- Booking:<\/p>\n\n\n\n<p>The reservation will only become definitive after the\nreception of the signed rental agreement in duplicate and an advance of 30%,\nthis subject to acceptance by the lessor.<\/p>\n\n\n\n<p>The reservation will be confirmed if the owner of the\ncampsite has sent you a co-signed copy of the rental agreement.<\/p>\n\n\n\n<p>The tenant and other users are not permitted to hand\nover the accommodation or the pitch under any name and for whatever reason to\nothers than the persons mentioned in the agreement.<\/p>\n\n\n\n<p>4. No Show<\/p>\n\n\n\n<p>In the absence of a mail message or email from the\ntenant stating that he must postpone the date of arrival, the accommodation\nbecomes available to other tenants after 24 hours. The full payment of the\naccommodation remains required.<\/p>\n\n\n\n<p>5-Cancellation<\/p>\n\n\n\n<p>The legal provisions regarding cancellation of rented\naccommodation do not apply to tourist services. In all cases of cancellation of\nthe reservation, the deposit amount will not be refunded.<\/p>\n\n\n\n<p>6-Payment<\/p>\n\n\n\n<p>The amount of the stay is payable in full on the day\nof arrival by cash or debit card.<\/p>\n\n\n\n<p>If the use of the accommodation is terminated earlier\nthan on the agreed date, as stated on the confirmation of the reservation, the\ntenant is not entitled to a refund of (part of) the rent and \/ or costs. This\nalso applies to a possible delayed arrival.<\/p>\n\n\n\n<p>7-Available facilities in the accommodation<\/p>\n\n\n\n<p>You will find blankets and kitchen appliances in the\nmobile homes.<\/p>\n\n\n\n<p>Do not forget to bring your own sheets and towels.<\/p>\n\n\n\n<p>The inventory lists can be found in the accommodation.<\/p>\n\n\n\n<p>8-Deposit<\/p>\n\n\n\n<p>A deposit of 200 euros must be paid during your\narrival (cash or debit card). This amount will be refunded upon your departure\nafter inspection of the property. In the case that the accommodation is not\ncleaned, a lump sum of 50 euros will be deducted from the deposit.<\/p>\n\n\n\n<p>Before leaving the campsite, thank you for coming to\nthe reception for your starting inventory: between 8 a.m. and 10 a.m.<\/p>\n\n\n\n<p>9- House Rules <\/p>\n\n\n\n<p>Swimming pool: swimming suit required, swimming shorts\nrefused.<\/p>\n\n\n\n<p>Pets are not allowed in the rented accommodation and\naround the swimming pool. Every tenant is obliged to adhere to the house rules\nof Camping Les Silhols. These terms and conditions are subject to French law.<\/p>\n\n\n\n<p>Consumer dispute mediation process:<\/p>\n\n\n\n<p>The customer has the right to use the mediation\nservice offered by SARL Camping Les Silhols free of charge, via mail\nwww.medicys.fr, or by mail: Mediation and Settlement Center of Justial Officers\n&#8211; 73, Boulevard de Clichy, 75009 Paris.<br>\nWe thank you for your confidence and wish you a pleasant holiday.<\/p>\n","protected":false},"excerpt":{"rendered":"<p>WEBMASTER\u00a9\u00a0 Eric Benoist PHOTOS &#8211; VIDEOS Toutes les photos, images, illustrations ou vid\u00e9os sont la propri\u00e9t\u00e9 de Camping les Silhols\u00a0 et ne peuvent \u00eatre utilis\u00e9es sans autorisation. Sauf mention contraire, les droits de propri\u00e9t\u00e9 intellectuelle sur les documents contenus dans ce site et chacun des \u00e9l\u00e9ments cr\u00e9\u00e9s pour ce site&#8230;<\/p>\n<p> <a class=\"continue-reading-link\" href=\"https:\/\/camping-les-silhols.com\/web\/index.php\/mentions-legales\/\"><span>Continue reading<\/span><i class=\"crycon-right-dir\"><\/i><\/a> <\/p>\n","protected":false},"author":1,"featured_media":0,"parent":0,"menu_order":0,"comment_status":"closed","ping_status":"closed","template":"","meta":{"footnotes":""},"class_list":["post-41","page","type-page","status-publish","hentry"],"_links":{"self":[{"href":"https:\/\/camping-les-silhols.com\/web\/index.php\/wp-json\/wp\/v2\/pages\/41","targetHints":{"allow":["GET"]}}],"collection":[{"href":"https:\/\/camping-les-silhols.com\/web\/index.php\/wp-json\/wp\/v2\/pages"}],"about":[{"href":"https:\/\/camping-les-silhols.com\/web\/index.php\/wp-json\/wp\/v2\/types\/page"}],"author":[{"embeddable":true,"href":"https:\/\/camping-les-silhols.com\/web\/index.php\/wp-json\/wp\/v2\/users\/1"}],"replies":[{"embeddable":true,"href":"https:\/\/camping-les-silhols.com\/web\/index.php\/wp-json\/wp\/v2\/comments?post=41"}],"version-history":[{"count":4,"href":"https:\/\/camping-les-silhols.com\/web\/index.php\/wp-json\/wp\/v2\/pages\/41\/revisions"}],"predecessor-version":[{"id":216,"href":"https:\/\/camping-les-silhols.com\/web\/index.php\/wp-json\/wp\/v2\/pages\/41\/revisions\/216"}],"wp:attachment":[{"href":"https:\/\/camping-les-silhols.com\/web\/index.php\/wp-json\/wp\/v2\/media?parent=41"}],"curies":[{"name":"wp","href":"https:\/\/api.w.org\/{rel}","templated":true}]}}