{"id":39,"date":"2020-02-25T15:02:26","date_gmt":"2020-02-25T14:02:26","guid":{"rendered":"http:\/\/camping-les-silhols.com\/web\/?page_id=39"},"modified":"2020-02-27T15:46:39","modified_gmt":"2020-02-27T14:46:39","slug":"conditions-generales-de-vente","status":"publish","type":"page","link":"https:\/\/camping-les-silhols.com\/web\/index.php\/conditions-generales-de-vente\/","title":{"rendered":"CGV"},"content":{"rendered":"\n<p class=\"has-text-color has-light-green-cyan-color\"><strong><em>CONDITIONS DE LOCATION<\/em><br>1\u00b0 Toute location est nominative et ne peut, en aucun cas, \u00eatre c\u00e9d\u00e9e ou sous lou\u00e9 \u00e0 un tiers.<br><br><em>2\u00b0 PERIODE DE LOCATION<\/em><br>&#8211; Hors saison Forfait week-end: 2 nuits minimum.<br>&#8211; Saison : 1 semaine enti\u00e8re, arriv\u00e9e le samedi \u00e0 partir de 14 heures,<br>d\u00e9part le samedi \u00e0 10h00.<br><em><br>3\u00b0 RESERVATION<br><\/em>La r\u00e9servation ne devient effective qu&#8217;avec notre accord et apr\u00e8s r\u00e9ception de l&#8217;acompte<br>comprenant :<br>&#8211; 30% du montant total de la location ;<br>Tout versement non accompagn\u00e9 des deux contrats remplis et sign\u00e9s par le locataire ne<br>saurait d&#8217;aucune fa\u00e7on assurer cette location. Apr\u00e8s acceptation un exemplaire sera retourn\u00e9<br>sign\u00e9 par le propri\u00e9taire.<br>Le nom, pr\u00e9nom et age des personnes autoris\u00e9es par r\u00e9sidence mobilhome et sur<br>l&#8217;emplacement doit \u00eatre imp\u00e9rativement respect\u00e9.<br><br><em>4\u00b0 NON OCCUPATION<\/em><br>En l&#8217;absence de message postale du locataire pr\u00e9cisant qu&#8217;il a d\u00fb diff\u00e9rer la date de son<br>arriv\u00e9e, le mobilhome devient disponible 24h, apr\u00e8s la date de l&#8217;arriv\u00e9e mentionn\u00e9e sur le<br>contrat de location et le r\u00e8glement int\u00e9gral des prestations demeure exig\u00e9.<br><em><br>5\u00b0 RETRACTATION<br><\/em>Les dispositions l\u00e9gales relatives au droit de r\u00e9tractation en cas de vente \u00e0 distance pr\u00e9vues<br>par le code de la consommation ne sont pas applicables aux prestations touristiques (article<br>l.121-20-4 du code de la consommation) Ainsi pour toute commande d&#8217;un s\u00e9jour aupr\u00e9s du<br>camping,le client ne b\u00e9n\u00e9ficie d&#8217;aucun droit de r\u00e9tractation<br>&#8211; Plus de 90 jours avant le d\u00e9but du s\u00e9jour : 30 % du montant de la prestation<br>&#8211; Entre 90 et 30 jours avant le d\u00e9but du s\u00e9jour : 50 % du montant de la prestation<br>&#8211; Entre 29 et 07 jours avant le d\u00e9but du s\u00e9jour : 80 % du montant de la prestation<br>&#8211; Moins de 7 jours avant le d\u00e9but du s\u00e9jour : 100 % du montant de la prestation<br><br>6\u00b0 PAIEMENT<br>Le montant du s\u00e9jour est int\u00e9gralement payable le jour de l&#8217;arriv\u00e9e par ch\u00e8que bancaire,<br>esp\u00e8ces, carte bancaire, ou ch\u00e8ques vacances (ANCV). Aucune r\u00e9duction ne sera consentie<br>dans le cas d&#8217;arriv\u00e9e retard\u00e9e ou d\u00e9part anticip\u00e9.<br><em><br>7\u00b0 MATERIEL<br><\/em>Les mobilhomes sont lou\u00e9s avec literie, couvertures, mat\u00e9riel de cuisine, sans drap ni<br>linge, le tout conforme \u00e0 un inventaire affich\u00e9 \u00e0 l&#8217;int\u00e9rieur de celui-ci.<br><br><em>8\u00b0 DEPOT DE GARANTIE<\/em><br>Un d\u00e9p\u00f4t de garantie de 200 \u20ac par mobilhome sera vers\u00e9 par le locataire lors de son arriv\u00e9e en<br>ch\u00e8que bancaire, esp\u00e8ces, carte bancaire, ou ch\u00e8ques vacances . Ce d\u00e9p\u00f4t lui sera restitu\u00e9 le<br>jour de son d\u00e9part, apr\u00e8s d\u00e9duction des frais \u00e9ventuels de remise en \u00e9tat des lieux et de la<br>valeur du mat\u00e9riel manquant ou d\u00e9t\u00e9rior\u00e9.<br>Une somme forfaitaire de 50 \u20ac. sera retenue sur le d\u00e9p\u00f4t de garantie dans le cas o\u00f9 le mobil<br>home n&#8217;aurait pas \u00e9t\u00e9 nettoy\u00e9 le jour du d\u00e9part. La remise des clefs n&#8217;interviendra qu&#8217;une fois<br>l&#8217;inventaire fait, ce dernier ne pouvant s&#8217;effectuer qu&#8217;entre 8 H et 10 H, apr\u00e8s accord avec la<br>r\u00e9ception.<br><br><em>9\u00b0 REGLEMENT INTERIEUR<\/em><br>Piscine : maillot de bain obligatoire, les shorts de bain sont refus\u00e9s<br>Les animaux ne sont pas autoris\u00e9s dans les locations et sur la piscine.<br>Tout locataire est tenu de se conformer aux dispositions du r\u00e8glement int\u00e9rieur du camping<br>\t\u00ab LES SILHOLS \u00bb. Les pr\u00e9sentes conditions g\u00e9n\u00e9rales sont soumises au droit \tfran\u00e7ais.<em>\t\u00ab M\u00e9diation des litiges de la \tconsommation :<\/em>\t<em>Conform\u00e9ment\n aux dispositions du Code de la consommation concernant \u00ab \tle processus \nde m\u00e9diation des litiges de la consommation \u00bb, le client a le \tdroit de \nrecourir gratuitement au service de m\u00e9diation propos\u00e9 par SARL \tcamping \nLes Silhols. Le m\u00e9diateur &#8220;droit de la consommation&#8221; ainsi propos\u00e9 \test \nMEDICYS.Ce dispositif de m\u00e9diation peut \u00eatre joint par :<br>&#8211; voie \t\u00e9lectronique :<a href=\"https:\/\/xrm.eudonet.com\/xrm\/ut?tok=A9F448AD&amp;cs=CtSkzJa2QDc1gugfEPisL3tF5lPLSSdH&amp;p=yImwybH43lXTDJOqEFQUPeZx_ijFojfYoyVr9N-7WU4zcRV5JVmEy72G5lwlcwolMfxTGyRIeFtugl_Bms7mEw%3D%3D\" target=\"_blank\" rel=\"noreferrer noopener\">www.medicys.fr<\/a> \t;<br>&#8211;\n ou par voie postale : MEDICYS &#8211; Centre de m\u00e9diation et r\u00e8glement \t\namiable des huissiers de justice- 73, Boulevard de Clichy, 75009 &#8211; Paris\n \u00bb<\/em>\t\tChers clients, ces pr\u00e9cisions sont \tn\u00e9cessaires afin d&#8217;\u00e9viter toute \u00e9quivoque.<br>Nous vous remercions pour \tvotre confiance et souhaitons que vos prochaines<br>vacances deviennent un \tsouvenir inoubliable. <\/strong><\/p>\n","protected":false},"excerpt":{"rendered":"<p>CONDITIONS DE LOCATION1\u00b0 Toute location est nominative et ne peut, en aucun cas, \u00eatre c\u00e9d\u00e9e ou sous lou\u00e9 \u00e0 un tiers. 2\u00b0 PERIODE DE LOCATION&#8211; Hors saison Forfait week-end: 2 nuits minimum.&#8211; Saison : 1 semaine enti\u00e8re, arriv\u00e9e le samedi \u00e0 partir de 14 heures,d\u00e9part le samedi \u00e0 10h00.3\u00b0 RESERVATIONLa&#8230;<\/p>\n<p> <a class=\"continue-reading-link\" href=\"https:\/\/camping-les-silhols.com\/web\/index.php\/conditions-generales-de-vente\/\"><span>Continue reading<\/span><i class=\"crycon-right-dir\"><\/i><\/a> <\/p>\n","protected":false},"author":1,"featured_media":0,"parent":0,"menu_order":0,"comment_status":"closed","ping_status":"closed","template":"","meta":{"footnotes":""},"class_list":["post-39","page","type-page","status-publish","hentry"],"_links":{"self":[{"href":"https:\/\/camping-les-silhols.com\/web\/index.php\/wp-json\/wp\/v2\/pages\/39","targetHints":{"allow":["GET"]}}],"collection":[{"href":"https:\/\/camping-les-silhols.com\/web\/index.php\/wp-json\/wp\/v2\/pages"}],"about":[{"href":"https:\/\/camping-les-silhols.com\/web\/index.php\/wp-json\/wp\/v2\/types\/page"}],"author":[{"embeddable":true,"href":"https:\/\/camping-les-silhols.com\/web\/index.php\/wp-json\/wp\/v2\/users\/1"}],"replies":[{"embeddable":true,"href":"https:\/\/camping-les-silhols.com\/web\/index.php\/wp-json\/wp\/v2\/comments?post=39"}],"version-history":[{"count":4,"href":"https:\/\/camping-les-silhols.com\/web\/index.php\/wp-json\/wp\/v2\/pages\/39\/revisions"}],"predecessor-version":[{"id":154,"href":"https:\/\/camping-les-silhols.com\/web\/index.php\/wp-json\/wp\/v2\/pages\/39\/revisions\/154"}],"wp:attachment":[{"href":"https:\/\/camping-les-silhols.com\/web\/index.php\/wp-json\/wp\/v2\/media?parent=39"}],"curies":[{"name":"wp","href":"https:\/\/api.w.org\/{rel}","templated":true}]}}