{"id":32,"date":"2020-02-25T15:00:23","date_gmt":"2020-02-25T14:00:23","guid":{"rendered":"http:\/\/camping-les-silhols.com\/web\/?page_id=32"},"modified":"2020-03-24T15:16:42","modified_gmt":"2020-03-24T14:16:42","slug":"informations","status":"publish","type":"page","link":"https:\/\/camping-les-silhols.com\/web\/index.php\/informations\/","title":{"rendered":"Informations"},"content":{"rendered":"\n<p><strong>INFOS PRATIQUES :<br><br><br>A LAGORCE, vous trouverez quelques commerces de proximit\u00e9 pr\u00eats \u00e0 vous recevoir.&nbsp; <br>A VALLON PONT D&#8217;ARC, \u00e0 10 km, vous aurez acc\u00e8s \u00e0 des activit\u00e9s nautiques sur la rivi\u00e8re ARD\u00c8CHE : cano\u00eb, kayak&#8230;&#8230;&#8230;<br>Ne  s\u00e9journez pas chez nous sans fl\u00e2ner sur nos march\u00e9s locaux o\u00f9 vous  trouverez tous les produits locaux, miel, fromages de ch\u00e8vre&#8230;&#8230;&#8230; <br>Les producteurs de vins de la r\u00e9gion vous feront aimablement d\u00e9guster leurs produits.<br>Ne  manquez pas de venir d\u00e9couvrir l&#8217;ARD\u00c8CHE et ses producteurs locaux sur  les march\u00e9s r\u00e9gionaux de RUOMS, VALLON PONT D&#8217;ARC et AUBENAS.<\/strong><\/p>\n\n\n\n<p><\/p>\n\n\n\n<figure class=\"wp-block-image size-large is-resized\"><a href=\"https:\/\/www.pontdarc-ardeche.fr\/activites\/\" target=\"_blank\" rel=\"noopener noreferrer\"><img loading=\"lazy\" decoding=\"async\" src=\"http:\/\/camping-les-silhols.com\/web\/wp-content\/uploads\/2020\/02\/pontarc.jpg\" alt=\"\" class=\"wp-image-108\" width=\"160\" height=\"100\"><\/a><\/figure>\n\n\n\n<p><\/p>\n","protected":false},"excerpt":{"rendered":"<p>INFOS PRATIQUES : A LAGORCE, vous trouverez quelques commerces de proximit\u00e9 pr\u00eats \u00e0 vous recevoir.&nbsp; A VALLON PONT D&#8217;ARC, \u00e0 10 km, vous aurez acc\u00e8s \u00e0 des activit\u00e9s nautiques sur la rivi\u00e8re ARD\u00c8CHE : cano\u00eb, kayak&#8230;&#8230;&#8230;Ne s\u00e9journez pas chez nous sans fl\u00e2ner sur nos march\u00e9s locaux o\u00f9 vous trouverez tous&#8230;<\/p>\n<p> <a class=\"continue-reading-link\" href=\"https:\/\/camping-les-silhols.com\/web\/index.php\/informations\/\"><span>Continue reading<\/span><i class=\"crycon-right-dir\"><\/i><\/a> <\/p>\n","protected":false},"author":1,"featured_media":0,"parent":0,"menu_order":0,"comment_status":"closed","ping_status":"closed","template":"","meta":{"footnotes":""},"class_list":["post-32","page","type-page","status-publish","hentry"],"_links":{"self":[{"href":"https:\/\/camping-les-silhols.com\/web\/index.php\/wp-json\/wp\/v2\/pages\/32","targetHints":{"allow":["GET"]}}],"collection":[{"href":"https:\/\/camping-les-silhols.com\/web\/index.php\/wp-json\/wp\/v2\/pages"}],"about":[{"href":"https:\/\/camping-les-silhols.com\/web\/index.php\/wp-json\/wp\/v2\/types\/page"}],"author":[{"embeddable":true,"href":"https:\/\/camping-les-silhols.com\/web\/index.php\/wp-json\/wp\/v2\/users\/1"}],"replies":[{"embeddable":true,"href":"https:\/\/camping-les-silhols.com\/web\/index.php\/wp-json\/wp\/v2\/comments?post=32"}],"version-history":[{"count":10,"href":"https:\/\/camping-les-silhols.com\/web\/index.php\/wp-json\/wp\/v2\/pages\/32\/revisions"}],"predecessor-version":[{"id":207,"href":"https:\/\/camping-les-silhols.com\/web\/index.php\/wp-json\/wp\/v2\/pages\/32\/revisions\/207"}],"wp:attachment":[{"href":"https:\/\/camping-les-silhols.com\/web\/index.php\/wp-json\/wp\/v2\/media?parent=32"}],"curies":[{"name":"wp","href":"https:\/\/api.w.org\/{rel}","templated":true}]}}