{"id":28,"date":"2020-02-25T14:59:34","date_gmt":"2020-02-25T13:59:34","guid":{"rendered":"http:\/\/camping-les-silhols.com\/web\/?page_id=28"},"modified":"2020-03-24T15:11:01","modified_gmt":"2020-03-24T14:11:01","slug":"acces","status":"publish","type":"page","link":"https:\/\/camping-les-silhols.com\/web\/index.php\/acces\/","title":{"rendered":"Acc\u00e8s"},"content":{"rendered":"\n<p class=\"has-text-align-left\"> Autoroute du Soleil&nbsp; A 7,<br>POINT GPS<br>LONGITUDE&nbsp; : 4\u00b0 25&#8242; 18&#8243; E<br>LATITUDE : 44\u00b0 28&#8242; 31&#8243; N<br><br><br>A) &#8211; Sortie MONT\u00c9LIMAR NORD&nbsp;&nbsp; <br>Direction MONT\u00c9LIMAR VILLE, LE TEIL, VILLENEUVE DE BERG par RN 102. <br>Direction VALLON PONT D&#8217;ARC, VOG\u00dc\u00c9.&nbsp;&nbsp; &nbsp;&nbsp;&nbsp; <br>Le camping&nbsp; &#8220;Les Silhols&#8221; est situ\u00e9 entre VOG\u00dc\u00c9 et LAGORCE sur la route D\u00e9partementale D1 \u00e0 gauche. <br> B) &#8211; Sortie MONT\u00c9LIMAR SUD <br>Direction PIERRELATTE, puis BOURG St AND\u00c9OL. <br>Direction&nbsp; VALLON PONT D&#8217;ARC, St REM\u00c8ZE. <br>A l&#8217;entr\u00e9e de VALLON PONT D&#8217;ARC, direction LAGORCE, \u00e0 droite sur la route d\u00e9partementale D1. <br>Le camping &#8220;Les Silhols&#8221; est situ\u00e9 entre LAGORCE et VOG\u00dc\u00c9 \u00e0 droite. <br>MONT\u00c9LIMAR &#8211; Le Camping &#8220;Les Silhols&#8221; 40 Km<br><br>A partir de MONTPELLIER, Autoroute LA LANGUEDOCIENNE&nbsp; A9,&nbsp; Sortie N\u00ceMES OUEST&nbsp; <br>Direction ALES par RN 106 &#8211; D904 vers ST AMBROIX- D11 vers VALLON PONT D&#8217;ARC\/RUOMS &#8211;&nbsp; <br>D579 vers VALLON PONT ARC &#8211; D01 vers LAGORCE <br>Le camping &#8220;Les Silhols&#8221; est situ\u00e9 \u00e0 quelques kilom\u00e8tres entre Lagorce et VOG\u00dc\u00c9 \u00e0 droite sur la route d\u00e9partementale D1. <br>N\u00ceMES &#8211; Direction ALES \/ VALLON PONT d&#8217;ARC &#8211; Le Camping &#8220;Les Silhols&#8221; 100 Km.<br> Nous vous souhaitons un tr\u00e8s agr\u00e9able voyage, vos vacances d\u00e9butent maintenant. <br><\/p>\n\n\n<style>#kt-layout-id_e11855-03 > .kt-row-column-wrap{align-content:start;}:where(#kt-layout-id_e11855-03 > .kt-row-column-wrap) > .wp-block-kadence-column{justify-content:start;}#kt-layout-id_e11855-03 > .kt-row-column-wrap{column-gap:var(--global-kb-gap-md, 2rem);row-gap:var(--global-kb-gap-md, 2rem);padding-top:var( --global-kb-row-default-top, 25px );padding-bottom:var( --global-kb-row-default-bottom, 25px );padding-top:var(--global-kb-spacing-sm, 1.5rem);padding-bottom:var(--global-kb-spacing-sm, 1.5rem);grid-template-columns:repeat(2, minmax(0, 1fr));}#kt-layout-id_e11855-03 > .kt-row-layout-overlay{opacity:0.30;}@media all and (max-width: 1024px){#kt-layout-id_e11855-03 > .kt-row-column-wrap{grid-template-columns:repeat(2, minmax(0, 1fr));}}@media all and (max-width: 767px){#kt-layout-id_e11855-03 > .kt-row-column-wrap{grid-template-columns:minmax(0, 1fr);}}<\/style>\n<div class=\"wp-block-kadence-rowlayout alignnone\"><div id=\"kt-layout-id_e11855-03\" class=\"kt-row-layout-inner  kt-layout-id_e11855-03\"><div class=\"kt-row-column-wrap kt-has-2-columns kt-gutter-default kt-v-gutter-default kt-row-valign-top kt-row-layout-equal kt-tab-layout-inherit kt-m-colapse-left-to-right kt-mobile-layout-row\"><style>.kadence-column_48ac80-3d > .kt-inside-inner-col{border-top-width:0px;border-right-width:0px;border-bottom-width:0px;border-left-width:0px;}.kadence-column_48ac80-3d > .kt-inside-inner-col,.kadence-column_48ac80-3d > .kt-inside-inner-col:before{border-top-left-radius:0px;border-top-right-radius:0px;border-bottom-right-radius:0px;border-bottom-left-radius:0px;}.kadence-column_48ac80-3d > .kt-inside-inner-col:before{opacity:0.3;}.kadence-column_48ac80-3d{position:relative;}<\/style>\n<div class=\"wp-block-kadence-column inner-column-1 kadence-column_48ac80-3d\"><div class=\"kt-inside-inner-col\">\n<div class=\"wp-block-image\"><figure class=\"aligncenter size-large\"><img loading=\"lazy\" decoding=\"async\" width=\"177\" height=\"285\" src=\"http:\/\/camping-les-silhols.com\/web\/wp-content\/uploads\/2020\/02\/acce2.jpg\" alt=\"\" class=\"wp-image-95\" srcset=\"https:\/\/camping-les-silhols.com\/web\/wp-content\/uploads\/2020\/02\/acce2.jpg 177w, https:\/\/camping-les-silhols.com\/web\/wp-content\/uploads\/2020\/02\/acce2-93x150.jpg 93w\" sizes=\"auto, (max-width: 177px) 100vw, 177px\" \/><\/figure><\/div>\n<\/div><\/div>\n\n\n<style>.kadence-column_90f500-e6 > .kt-inside-inner-col{border-top-width:0px;border-right-width:0px;border-bottom-width:0px;border-left-width:0px;}.kadence-column_90f500-e6 > .kt-inside-inner-col,.kadence-column_90f500-e6 > .kt-inside-inner-col:before{border-top-left-radius:0px;border-top-right-radius:0px;border-bottom-right-radius:0px;border-bottom-left-radius:0px;}.kadence-column_90f500-e6 > .kt-inside-inner-col:before{opacity:0.3;}.kadence-column_90f500-e6{position:relative;}<\/style>\n<div class=\"wp-block-kadence-column inner-column-2 kadence-column_90f500-e6\"><div class=\"kt-inside-inner-col\">\n<div class=\"wp-block-image\"><figure class=\"aligncenter size-large\"><img loading=\"lazy\" decoding=\"async\" width=\"203\" height=\"195\" src=\"http:\/\/camping-les-silhols.com\/web\/wp-content\/uploads\/2020\/02\/acce1.jpg\" alt=\"\" class=\"wp-image-94\" srcset=\"https:\/\/camping-les-silhols.com\/web\/wp-content\/uploads\/2020\/02\/acce1.jpg 203w, https:\/\/camping-les-silhols.com\/web\/wp-content\/uploads\/2020\/02\/acce1-150x144.jpg 150w\" sizes=\"auto, (max-width: 203px) 100vw, 203px\" \/><\/figure><\/div>\n<\/div><\/div>\n<\/div><\/div><\/div>\n","protected":false},"excerpt":{"rendered":"<p>Autoroute du Soleil&nbsp; A 7,POINT GPSLONGITUDE&nbsp; : 4\u00b0 25&#8242; 18&#8243; ELATITUDE : 44\u00b0 28&#8242; 31&#8243; N A) &#8211; Sortie MONT\u00c9LIMAR NORD&nbsp;&nbsp; Direction MONT\u00c9LIMAR VILLE, LE TEIL, VILLENEUVE DE BERG par RN 102. Direction VALLON PONT D&#8217;ARC, VOG\u00dc\u00c9.&nbsp;&nbsp; &nbsp;&nbsp;&nbsp; Le camping&nbsp; &#8220;Les Silhols&#8221; est situ\u00e9 entre VOG\u00dc\u00c9 et LAGORCE sur la&#8230;<\/p>\n<p> <a class=\"continue-reading-link\" href=\"https:\/\/camping-les-silhols.com\/web\/index.php\/acces\/\"><span>Continue reading<\/span><i class=\"crycon-right-dir\"><\/i><\/a> <\/p>\n","protected":false},"author":1,"featured_media":0,"parent":0,"menu_order":0,"comment_status":"closed","ping_status":"closed","template":"","meta":{"footnotes":""},"class_list":["post-28","page","type-page","status-publish","hentry"],"_links":{"self":[{"href":"https:\/\/camping-les-silhols.com\/web\/index.php\/wp-json\/wp\/v2\/pages\/28","targetHints":{"allow":["GET"]}}],"collection":[{"href":"https:\/\/camping-les-silhols.com\/web\/index.php\/wp-json\/wp\/v2\/pages"}],"about":[{"href":"https:\/\/camping-les-silhols.com\/web\/index.php\/wp-json\/wp\/v2\/types\/page"}],"author":[{"embeddable":true,"href":"https:\/\/camping-les-silhols.com\/web\/index.php\/wp-json\/wp\/v2\/users\/1"}],"replies":[{"embeddable":true,"href":"https:\/\/camping-les-silhols.com\/web\/index.php\/wp-json\/wp\/v2\/comments?post=28"}],"version-history":[{"count":6,"href":"https:\/\/camping-les-silhols.com\/web\/index.php\/wp-json\/wp\/v2\/pages\/28\/revisions"}],"predecessor-version":[{"id":197,"href":"https:\/\/camping-les-silhols.com\/web\/index.php\/wp-json\/wp\/v2\/pages\/28\/revisions\/197"}],"wp:attachment":[{"href":"https:\/\/camping-les-silhols.com\/web\/index.php\/wp-json\/wp\/v2\/media?parent=28"}],"curies":[{"name":"wp","href":"https:\/\/api.w.org\/{rel}","templated":true}]}}