{"id":26,"date":"2020-02-25T14:59:03","date_gmt":"2020-02-25T13:59:03","guid":{"rendered":"http:\/\/camping-les-silhols.com\/web\/?page_id=26"},"modified":"2022-12-21T07:20:28","modified_gmt":"2022-12-21T06:20:28","slug":"infrastructures","status":"publish","type":"page","link":"https:\/\/camping-les-silhols.com\/web\/index.php\/infrastructures\/","title":{"rendered":"Infrastructures"},"content":{"rendered":"<p>Bienvenue au Camping ** &#8220;les Silhols&#8221; \u00e0 deux pas de Vallon-Pont-d&#8217;Arc et des gorges de l&#8217;Ard\u00e8che, <br \/>de la grotte Chauvet, pr\u00e8s du petit village pittoresque de Lagorce en Ard\u00e8che M\u00e9ridionale.<br \/>Les Silhols, camping ombrag\u00e9 sous les ch\u00eanes verts pour des vacances d\u00e9tendues et sportives en toute tranquillit\u00e9. Piscine, jeux pour enfants, 25 emplacements plus 4 mobil-homes vous attendent&#8230;<\/p>\n<p style=\"text-align: center;\">25 Emplacements de camping, <br \/>Mobil Home &#8220;RapideHome&#8221;\u00a0 2 de 4 personnes et 2 de 6 personnes<br \/>Tentes Treck<\/p>\n\n<style>#kt-layout-id_629167-55 > .kt-row-column-wrap{align-content:start;}:where(#kt-layout-id_629167-55 > .kt-row-column-wrap) > .wp-block-kadence-column{justify-content:start;}#kt-layout-id_629167-55 > .kt-row-column-wrap{column-gap:var(--global-kb-gap-md, 2rem);row-gap:var(--global-kb-gap-md, 2rem);padding-top:var( --global-kb-row-default-top, 25px );padding-bottom:var( --global-kb-row-default-bottom, 25px );padding-top:var(--global-kb-spacing-sm, 1.5rem);padding-bottom:var(--global-kb-spacing-sm, 1.5rem);grid-template-columns:repeat(3, minmax(0, 1fr));}#kt-layout-id_629167-55 > .kt-row-layout-overlay{opacity:0.30;}@media all and (max-width: 1024px){#kt-layout-id_629167-55 > .kt-row-column-wrap{grid-template-columns:repeat(3, minmax(0, 1fr));}}@media all and (max-width: 767px){#kt-layout-id_629167-55 > .kt-row-column-wrap{grid-template-columns:minmax(0, 1fr);}}<\/style>\n<div class=\"wp-block-kadence-rowlayout alignnone\"><div id=\"kt-layout-id_629167-55\" class=\"kt-row-layout-inner  kt-layout-id_629167-55\"><div class=\"kt-row-column-wrap kt-has-3-columns kt-gutter-default kt-v-gutter-default kt-row-valign-top kt-row-layout-equal kt-tab-layout-inherit kt-m-colapse-left-to-right kt-mobile-layout-row\"><style>.kadence-column_229ea0-5f > .kt-inside-inner-col{border-top-width:0px;border-right-width:0px;border-bottom-width:0px;border-left-width:0px;}.kadence-column_229ea0-5f > .kt-inside-inner-col,.kadence-column_229ea0-5f > .kt-inside-inner-col:before{border-top-left-radius:0px;border-top-right-radius:0px;border-bottom-right-radius:0px;border-bottom-left-radius:0px;}.kadence-column_229ea0-5f > .kt-inside-inner-col:before{opacity:0.3;}.kadence-column_229ea0-5f{position:relative;}<\/style>\n<div class=\"wp-block-kadence-column inner-column-1 kadence-column_229ea0-5f\"><div class=\"kt-inside-inner-col\">\n<figure class=\"wp-block-image size-large is-style-circle-mask\"><img loading=\"lazy\" decoding=\"async\" width=\"1024\" height=\"768\" src=\"http:\/\/camping-les-silhols.com\/web\/wp-content\/uploads\/2020\/02\/20190507_105244-1024x768.jpg\" alt=\"\" class=\"wp-image-23\" srcset=\"https:\/\/camping-les-silhols.com\/web\/wp-content\/uploads\/2020\/02\/20190507_105244-1024x768.jpg 1024w, https:\/\/camping-les-silhols.com\/web\/wp-content\/uploads\/2020\/02\/20190507_105244-300x225.jpg 300w, https:\/\/camping-les-silhols.com\/web\/wp-content\/uploads\/2020\/02\/20190507_105244-768x576.jpg 768w, https:\/\/camping-les-silhols.com\/web\/wp-content\/uploads\/2020\/02\/20190507_105244-1536x1152.jpg 1536w, https:\/\/camping-les-silhols.com\/web\/wp-content\/uploads\/2020\/02\/20190507_105244-2048x1536.jpg 2048w, https:\/\/camping-les-silhols.com\/web\/wp-content\/uploads\/2020\/02\/20190507_105244-150x113.jpg 150w\" sizes=\"auto, (max-width: 1024px) 100vw, 1024px\" \/><\/figure>\n<\/div><\/div>\n\n\n<style>.kadence-column_ea4474-bd > .kt-inside-inner-col{border-top-width:0px;border-right-width:0px;border-bottom-width:0px;border-left-width:0px;}.kadence-column_ea4474-bd > .kt-inside-inner-col,.kadence-column_ea4474-bd > .kt-inside-inner-col:before{border-top-left-radius:0px;border-top-right-radius:0px;border-bottom-right-radius:0px;border-bottom-left-radius:0px;}.kadence-column_ea4474-bd > .kt-inside-inner-col:before{opacity:0.3;}.kadence-column_ea4474-bd{position:relative;}<\/style>\n<div class=\"wp-block-kadence-column inner-column-2 kadence-column_ea4474-bd\"><div class=\"kt-inside-inner-col\">\n<figure class=\"wp-block-image size-large is-style-circle-mask\"><img loading=\"lazy\" decoding=\"async\" width=\"1024\" height=\"683\" src=\"http:\/\/camping-les-silhols.com\/web\/wp-content\/uploads\/2020\/02\/DSCF0682-1024x683.jpg\" alt=\"\" class=\"wp-image-12\" srcset=\"https:\/\/camping-les-silhols.com\/web\/wp-content\/uploads\/2020\/02\/DSCF0682-1024x683.jpg 1024w, https:\/\/camping-les-silhols.com\/web\/wp-content\/uploads\/2020\/02\/DSCF0682-300x200.jpg 300w, https:\/\/camping-les-silhols.com\/web\/wp-content\/uploads\/2020\/02\/DSCF0682-768x512.jpg 768w, https:\/\/camping-les-silhols.com\/web\/wp-content\/uploads\/2020\/02\/DSCF0682-1536x1024.jpg 1536w, https:\/\/camping-les-silhols.com\/web\/wp-content\/uploads\/2020\/02\/DSCF0682-2048x1365.jpg 2048w, https:\/\/camping-les-silhols.com\/web\/wp-content\/uploads\/2020\/02\/DSCF0682-150x100.jpg 150w\" sizes=\"auto, (max-width: 1024px) 100vw, 1024px\" \/><\/figure>\n<\/div><\/div>\n\n\n<style>.kadence-column_77ffb9-47 > .kt-inside-inner-col{border-top-width:0px;border-right-width:0px;border-bottom-width:0px;border-left-width:0px;}.kadence-column_77ffb9-47 > .kt-inside-inner-col,.kadence-column_77ffb9-47 > .kt-inside-inner-col:before{border-top-left-radius:0px;border-top-right-radius:0px;border-bottom-right-radius:0px;border-bottom-left-radius:0px;}.kadence-column_77ffb9-47 > .kt-inside-inner-col:before{opacity:0.3;}.kadence-column_77ffb9-47{position:relative;}<\/style>\n<div class=\"wp-block-kadence-column inner-column-3 kadence-column_77ffb9-47\"><div class=\"kt-inside-inner-col\">\n<figure class=\"wp-block-image size-large is-style-circle-mask\"><img loading=\"lazy\" decoding=\"async\" width=\"1024\" height=\"768\" src=\"http:\/\/camping-les-silhols.com\/web\/wp-content\/uploads\/2020\/02\/Resized_20180506_181145_4729-1024x768.jpg\" alt=\"\" class=\"wp-image-16\" srcset=\"https:\/\/camping-les-silhols.com\/web\/wp-content\/uploads\/2020\/02\/Resized_20180506_181145_4729-1024x768.jpg 1024w, https:\/\/camping-les-silhols.com\/web\/wp-content\/uploads\/2020\/02\/Resized_20180506_181145_4729-300x225.jpg 300w, https:\/\/camping-les-silhols.com\/web\/wp-content\/uploads\/2020\/02\/Resized_20180506_181145_4729-768x576.jpg 768w, https:\/\/camping-les-silhols.com\/web\/wp-content\/uploads\/2020\/02\/Resized_20180506_181145_4729-150x113.jpg 150w, https:\/\/camping-les-silhols.com\/web\/wp-content\/uploads\/2020\/02\/Resized_20180506_181145_4729.jpg 1440w\" sizes=\"auto, (max-width: 1024px) 100vw, 1024px\" \/><\/figure>\n<\/div><\/div>\n<\/div><\/div><\/div>\n\n\n<style>#kt-layout-id_0d74b5-dd > .kt-row-column-wrap{align-content:start;}:where(#kt-layout-id_0d74b5-dd > .kt-row-column-wrap) > .wp-block-kadence-column{justify-content:start;}#kt-layout-id_0d74b5-dd > .kt-row-column-wrap{column-gap:var(--global-kb-gap-md, 2rem);row-gap:var(--global-kb-gap-md, 2rem);padding-top:var( --global-kb-row-default-top, 25px );padding-bottom:var( --global-kb-row-default-bottom, 25px );padding-top:var(--global-kb-spacing-sm, 1.5rem);padding-bottom:var(--global-kb-spacing-sm, 1.5rem);grid-template-columns:minmax(0, 1fr);}#kt-layout-id_0d74b5-dd > .kt-row-layout-overlay{opacity:0.30;}@media all and (max-width: 1024px){#kt-layout-id_0d74b5-dd > .kt-row-column-wrap{grid-template-columns:minmax(0, 1fr);}}@media all and (max-width: 767px){#kt-layout-id_0d74b5-dd > .kt-row-column-wrap{grid-template-columns:minmax(0, 1fr);}}<\/style>\n<div class=\"wp-block-kadence-rowlayout alignnone\"><div id=\"kt-layout-id_0d74b5-dd\" class=\"kt-row-layout-inner kt-layout-id_0d74b5-dd\"><div class=\"kt-row-column-wrap kt-has-1-columns kt-gutter-default kt-v-gutter-default kt-row-valign-top kt-row-layout-equal kt-tab-layout-inherit kt-m-colapse-left-to-right kt-mobile-layout-row\"><style>.kadence-column_ee768d-fb > .kt-inside-inner-col{border-top-width:0px;border-right-width:0px;border-bottom-width:0px;border-left-width:0px;}.kadence-column_ee768d-fb > .kt-inside-inner-col,.kadence-column_ee768d-fb > .kt-inside-inner-col:before{border-top-left-radius:0px;border-top-right-radius:0px;border-bottom-right-radius:0px;border-bottom-left-radius:0px;}.kadence-column_ee768d-fb > .kt-inside-inner-col:before{opacity:0.3;}.kadence-column_ee768d-fb{position:relative;}<\/style>\n<div class=\"wp-block-kadence-column inner-column-1 kadence-column_ee768d-fb\"><div class=\"kt-inside-inner-col\"><\/div><\/div>\n<\/div><\/div><\/div>\n\n\n<style>#kt-layout-id_ed02b6-ad > .kt-row-column-wrap{align-content:start;}:where(#kt-layout-id_ed02b6-ad > .kt-row-column-wrap) > .wp-block-kadence-column{justify-content:start;}#kt-layout-id_ed02b6-ad > .kt-row-column-wrap{column-gap:var(--global-kb-gap-md, 2rem);row-gap:var(--global-kb-gap-md, 2rem);padding-top:var( --global-kb-row-default-top, 25px );padding-bottom:var( --global-kb-row-default-bottom, 25px );padding-top:var(--global-kb-spacing-sm, 1.5rem);padding-bottom:var(--global-kb-spacing-sm, 1.5rem);grid-template-columns:minmax(0, 1fr);}#kt-layout-id_ed02b6-ad > .kt-row-layout-overlay{opacity:0.30;}@media all and (max-width: 1024px){#kt-layout-id_ed02b6-ad > .kt-row-column-wrap{grid-template-columns:minmax(0, 1fr);}}@media all and (max-width: 767px){#kt-layout-id_ed02b6-ad > .kt-row-column-wrap{grid-template-columns:minmax(0, 1fr);}}<\/style>\n<div class=\"wp-block-kadence-rowlayout alignnone\"><div id=\"kt-layout-id_ed02b6-ad\" class=\"kt-row-layout-inner kt-layout-id_ed02b6-ad\"><div class=\"kt-row-column-wrap kt-has-1-columns kt-gutter-default kt-v-gutter-default kt-row-valign-top kt-row-layout-equal kt-tab-layout-inherit kt-m-colapse-left-to-right kt-mobile-layout-row\"><style>.kadence-column_60c4e4-a9 > .kt-inside-inner-col{border-top-width:0px;border-right-width:0px;border-bottom-width:0px;border-left-width:0px;}.kadence-column_60c4e4-a9 > .kt-inside-inner-col,.kadence-column_60c4e4-a9 > .kt-inside-inner-col:before{border-top-left-radius:0px;border-top-right-radius:0px;border-bottom-right-radius:0px;border-bottom-left-radius:0px;}.kadence-column_60c4e4-a9 > .kt-inside-inner-col:before{opacity:0.3;}.kadence-column_60c4e4-a9{position:relative;}<\/style>\n<div class=\"wp-block-kadence-column inner-column-1 kadence-column_60c4e4-a9\"><div class=\"kt-inside-inner-col\">\n<div class=\"wp-block-image\"><figure class=\"aligncenter size-full\"><img loading=\"lazy\" decoding=\"async\" width=\"768\" height=\"576\" src=\"http:\/\/camping-les-silhols.com\/web\/wp-content\/uploads\/2022\/12\/PICT0007.jpg\" alt=\"\" class=\"wp-image-244\" srcset=\"https:\/\/camping-les-silhols.com\/web\/wp-content\/uploads\/2022\/12\/PICT0007.jpg 768w, https:\/\/camping-les-silhols.com\/web\/wp-content\/uploads\/2022\/12\/PICT0007-300x225.jpg 300w, https:\/\/camping-les-silhols.com\/web\/wp-content\/uploads\/2022\/12\/PICT0007-150x113.jpg 150w\" sizes=\"auto, (max-width: 768px) 100vw, 768px\" \/><\/figure><\/div>\n<\/div><\/div>\n<\/div><\/div><\/div>\n\n\n\n<div class=\"wp-block-image\"><figure class=\"aligncenter size-full is-resized\"><img loading=\"lazy\" decoding=\"async\" src=\"http:\/\/camping-les-silhols.com\/web\/wp-content\/uploads\/2022\/12\/PICT0019.jpg\" alt=\"\" class=\"wp-image-243\" width=\"768\" height=\"576\" srcset=\"https:\/\/camping-les-silhols.com\/web\/wp-content\/uploads\/2022\/12\/PICT0019.jpg 768w, https:\/\/camping-les-silhols.com\/web\/wp-content\/uploads\/2022\/12\/PICT0019-300x225.jpg 300w, https:\/\/camping-les-silhols.com\/web\/wp-content\/uploads\/2022\/12\/PICT0019-150x113.jpg 150w\" sizes=\"auto, (max-width: 768px) 100vw, 768px\" \/><figcaption>   <\/figcaption><\/figure><\/div>\n","protected":false},"excerpt":{"rendered":"<p>Bienvenue au Camping ** &#8220;les Silhols&#8221; \u00e0 deux pas de Vallon-Pont-d&#8217;Arc et des gorges de l&#8217;Ard\u00e8che, de la grotte Chauvet, pr\u00e8s du petit village pittoresque de Lagorce en Ard\u00e8che M\u00e9ridionale.Les Silhols, camping ombrag\u00e9 sous les ch\u00eanes verts pour des vacances d\u00e9tendues et sportives en toute tranquillit\u00e9. Piscine, jeux pour enfants,&#8230;<\/p>\n<p> <a class=\"continue-reading-link\" href=\"https:\/\/camping-les-silhols.com\/web\/index.php\/infrastructures\/\"><span>Continue reading<\/span><i class=\"crycon-right-dir\"><\/i><\/a> <\/p>\n","protected":false},"author":1,"featured_media":21,"parent":0,"menu_order":0,"comment_status":"closed","ping_status":"closed","template":"","meta":{"footnotes":""},"class_list":["post-26","page","type-page","status-publish","has-post-thumbnail","hentry"],"_links":{"self":[{"href":"https:\/\/camping-les-silhols.com\/web\/index.php\/wp-json\/wp\/v2\/pages\/26","targetHints":{"allow":["GET"]}}],"collection":[{"href":"https:\/\/camping-les-silhols.com\/web\/index.php\/wp-json\/wp\/v2\/pages"}],"about":[{"href":"https:\/\/camping-les-silhols.com\/web\/index.php\/wp-json\/wp\/v2\/types\/page"}],"author":[{"embeddable":true,"href":"https:\/\/camping-les-silhols.com\/web\/index.php\/wp-json\/wp\/v2\/users\/1"}],"replies":[{"embeddable":true,"href":"https:\/\/camping-les-silhols.com\/web\/index.php\/wp-json\/wp\/v2\/comments?post=26"}],"version-history":[{"count":29,"href":"https:\/\/camping-les-silhols.com\/web\/index.php\/wp-json\/wp\/v2\/pages\/26\/revisions"}],"predecessor-version":[{"id":252,"href":"https:\/\/camping-les-silhols.com\/web\/index.php\/wp-json\/wp\/v2\/pages\/26\/revisions\/252"}],"wp:featuredmedia":[{"embeddable":true,"href":"https:\/\/camping-les-silhols.com\/web\/index.php\/wp-json\/wp\/v2\/media\/21"}],"wp:attachment":[{"href":"https:\/\/camping-les-silhols.com\/web\/index.php\/wp-json\/wp\/v2\/media?parent=26"}],"curies":[{"name":"wp","href":"https:\/\/api.w.org\/{rel}","templated":true}]}}