{"id":174,"date":"2020-03-23T17:49:18","date_gmt":"2020-03-23T16:49:18","guid":{"rendered":"http:\/\/camping-les-silhols.com\/web\/?page_id=174"},"modified":"2020-03-24T15:11:21","modified_gmt":"2020-03-24T14:11:21","slug":"access","status":"publish","type":"page","link":"https:\/\/camping-les-silhols.com\/web\/index.php\/access\/","title":{"rendered":"Access"},"content":{"rendered":"\n<p>Highway A 7 Autoroute du Soleil,<br>GPS<br>Longitude: E 4 \u00b0 25 &#8217;18 &#8220;<br>Latitude: N 44 \u00b0 28 &#8217;31 &#8220;<\/p>\n\n\n\n<p>A) &#8211; MONTELIMAR NORD exit<br>Direction MONTELIMAR, LE TEIL, VILLENEUVE DE BERG by RN 102.<br>Direction VALLON PONT D&#8217;ARC, VOG\u00dc\u00c9.<br>The campsite &#8220;Les Silhols&#8221; is located between VOG\u00dc\u00c9 and LAGORCE on the D1 provincial road on the left.<\/p>\n\n\n\n<p>B) &#8211; MONTELIMAR SOUTH exit<br>Direction PIERRELATTE, then BOURG St AND\u00c9OL.<br>Direction VALLON PONT D&#8217;ARC, St REMEZE.<br>At the entrance of VALLON PONT D&#8217;ARC, direction LAGORCE, directly on the departmental road D1.<br>The campsite &#8220;Les Silhols&#8221; is located between LAGORCE and VOG\u00dc\u00c9 on the right.<\/p>\n\n\n\n<p>MONTELIMAR -> Camping &#8220;Les Silhols&#8221; 40 Km.<br>From MONTPELLIER, highway LA LANGUEDOCIENNE A9, exit N\u00ceMES OUEST<br>Direction ALES by RN 106 &#8211; D904 direction ST AMBROIX-D11 direction VALLON PONT D&#8217;ARC \/ RUOMS &#8211;<br>D579 to VALLON PONR D \u2019ARC &#8211; D01 to LAGORCE<br>The campsite &#8220;Les Silhols&#8221; is located a few kilometers between LAGORCE and VOG\u00dc\u00c9 on the right side of the D1.<br>N\u00ceMES &#8211; Direction ALES \/ VALLON PONT D\u2019ARC -> Camping &#8220;Les Silhols&#8221; 100 km.<br>We wish you a very pleasant journey, your holiday starts now.<\/p>\n\n\n<style>#kt-layout-id_e11855-03 > .kt-row-column-wrap{align-content:start;}:where(#kt-layout-id_e11855-03 > .kt-row-column-wrap) > .wp-block-kadence-column{justify-content:start;}#kt-layout-id_e11855-03 > .kt-row-column-wrap{column-gap:var(--global-kb-gap-md, 2rem);row-gap:var(--global-kb-gap-md, 2rem);padding-top:var( --global-kb-row-default-top, 25px );padding-bottom:var( --global-kb-row-default-bottom, 25px );padding-top:var(--global-kb-spacing-sm, 1.5rem);padding-bottom:var(--global-kb-spacing-sm, 1.5rem);grid-template-columns:repeat(2, minmax(0, 1fr));}#kt-layout-id_e11855-03 > .kt-row-layout-overlay{opacity:0.30;}@media all and (max-width: 1024px){#kt-layout-id_e11855-03 > .kt-row-column-wrap{grid-template-columns:repeat(2, minmax(0, 1fr));}}@media all and (max-width: 767px){#kt-layout-id_e11855-03 > .kt-row-column-wrap{grid-template-columns:minmax(0, 1fr);}}<\/style>\n<div class=\"wp-block-kadence-rowlayout alignnone\"><div id=\"kt-layout-id_e11855-03\" class=\"kt-row-layout-inner  kt-layout-id_e11855-03\"><div class=\"kt-row-column-wrap kt-has-2-columns kt-gutter-default kt-v-gutter-default kt-row-valign-top kt-row-layout-equal kt-tab-layout-inherit kt-m-colapse-left-to-right kt-mobile-layout-row\"><style>.kadence-column_48ac80-3d > .kt-inside-inner-col{border-top-width:0px;border-right-width:0px;border-bottom-width:0px;border-left-width:0px;}.kadence-column_48ac80-3d > .kt-inside-inner-col,.kadence-column_48ac80-3d > .kt-inside-inner-col:before{border-top-left-radius:0px;border-top-right-radius:0px;border-bottom-right-radius:0px;border-bottom-left-radius:0px;}.kadence-column_48ac80-3d > .kt-inside-inner-col:before{opacity:0.3;}.kadence-column_48ac80-3d{position:relative;}<\/style>\n<div class=\"wp-block-kadence-column inner-column-1 kadence-column_48ac80-3d\"><div class=\"kt-inside-inner-col\">\n<div class=\"wp-block-image\"><figure class=\"aligncenter size-large\"><img loading=\"lazy\" decoding=\"async\" width=\"177\" height=\"285\" src=\"http:\/\/camping-les-silhols.com\/web\/wp-content\/uploads\/2020\/02\/acce2.jpg\" alt=\"\" class=\"wp-image-95\" srcset=\"https:\/\/camping-les-silhols.com\/web\/wp-content\/uploads\/2020\/02\/acce2.jpg 177w, https:\/\/camping-les-silhols.com\/web\/wp-content\/uploads\/2020\/02\/acce2-93x150.jpg 93w\" sizes=\"auto, (max-width: 177px) 100vw, 177px\" \/><\/figure><\/div>\n<\/div><\/div>\n\n\n<style>.kadence-column_90f500-e6 > .kt-inside-inner-col{border-top-width:0px;border-right-width:0px;border-bottom-width:0px;border-left-width:0px;}.kadence-column_90f500-e6 > .kt-inside-inner-col,.kadence-column_90f500-e6 > .kt-inside-inner-col:before{border-top-left-radius:0px;border-top-right-radius:0px;border-bottom-right-radius:0px;border-bottom-left-radius:0px;}.kadence-column_90f500-e6 > .kt-inside-inner-col:before{opacity:0.3;}.kadence-column_90f500-e6{position:relative;}<\/style>\n<div class=\"wp-block-kadence-column inner-column-2 kadence-column_90f500-e6\"><div class=\"kt-inside-inner-col\">\n<div class=\"wp-block-image\"><figure class=\"aligncenter size-large\"><img loading=\"lazy\" decoding=\"async\" width=\"203\" height=\"195\" src=\"http:\/\/camping-les-silhols.com\/web\/wp-content\/uploads\/2020\/02\/acce1.jpg\" alt=\"\" class=\"wp-image-94\" srcset=\"https:\/\/camping-les-silhols.com\/web\/wp-content\/uploads\/2020\/02\/acce1.jpg 203w, https:\/\/camping-les-silhols.com\/web\/wp-content\/uploads\/2020\/02\/acce1-150x144.jpg 150w\" sizes=\"auto, (max-width: 203px) 100vw, 203px\" \/><\/figure><\/div>\n<\/div><\/div>\n<\/div><\/div><\/div>\n","protected":false},"excerpt":{"rendered":"<p>Highway A 7 Autoroute du Soleil,GPSLongitude: E 4 \u00b0 25 &#8217;18 &#8220;Latitude: N 44 \u00b0 28 &#8217;31 &#8220; A) &#8211; MONTELIMAR NORD exitDirection MONTELIMAR, LE TEIL, VILLENEUVE DE BERG by RN 102.Direction VALLON PONT D&#8217;ARC, VOG\u00dc\u00c9.The campsite &#8220;Les Silhols&#8221; is located between VOG\u00dc\u00c9 and LAGORCE on the D1 provincial road&#8230;<\/p>\n<p> <a class=\"continue-reading-link\" href=\"https:\/\/camping-les-silhols.com\/web\/index.php\/access\/\"><span>Continue reading<\/span><i class=\"crycon-right-dir\"><\/i><\/a> <\/p>\n","protected":false},"author":1,"featured_media":0,"parent":0,"menu_order":0,"comment_status":"closed","ping_status":"closed","template":"","meta":{"footnotes":""},"class_list":["post-174","page","type-page","status-publish","hentry"],"_links":{"self":[{"href":"https:\/\/camping-les-silhols.com\/web\/index.php\/wp-json\/wp\/v2\/pages\/174","targetHints":{"allow":["GET"]}}],"collection":[{"href":"https:\/\/camping-les-silhols.com\/web\/index.php\/wp-json\/wp\/v2\/pages"}],"about":[{"href":"https:\/\/camping-les-silhols.com\/web\/index.php\/wp-json\/wp\/v2\/types\/page"}],"author":[{"embeddable":true,"href":"https:\/\/camping-les-silhols.com\/web\/index.php\/wp-json\/wp\/v2\/users\/1"}],"replies":[{"embeddable":true,"href":"https:\/\/camping-les-silhols.com\/web\/index.php\/wp-json\/wp\/v2\/comments?post=174"}],"version-history":[{"count":3,"href":"https:\/\/camping-les-silhols.com\/web\/index.php\/wp-json\/wp\/v2\/pages\/174\/revisions"}],"predecessor-version":[{"id":198,"href":"https:\/\/camping-les-silhols.com\/web\/index.php\/wp-json\/wp\/v2\/pages\/174\/revisions\/198"}],"wp:attachment":[{"href":"https:\/\/camping-les-silhols.com\/web\/index.php\/wp-json\/wp\/v2\/media?parent=174"}],"curies":[{"name":"wp","href":"https:\/\/api.w.org\/{rel}","templated":true}]}}