{"id":171,"date":"2020-03-23T17:48:56","date_gmt":"2020-03-23T16:48:56","guid":{"rendered":"http:\/\/camping-les-silhols.com\/web\/?page_id=171"},"modified":"2020-03-24T15:12:06","modified_gmt":"2020-03-24T14:12:06","slug":"routeplanner","status":"publish","type":"page","link":"https:\/\/camping-les-silhols.com\/web\/index.php\/routeplanner\/","title":{"rendered":"Routeplanner"},"content":{"rendered":"\n<p>Snelweg A 7 Autoroute du Soleil,<\/p>\n\n\n\n<p>GPS<\/p>\n\n\n\n<p>Lengtegraad: E 4\u00b025 &#8217;18 &#8220;<br>Breedtegraad: N 44\u00b028 &#8217;31&#8221;<\/p>\n\n\n\n<p>A) &#8211; Afslag MONTELIMAR NORD<br>Richting MONTELIMAR, LE TEIL, VILLENEUVE DE BERG door RN 102.<br>Richting VALLON PONT D&#8217;ARC, VOG\u00dc\u00c9.<br>De camping &#8220;Les Silhols&#8221; bevindt zich tussen VOG\u00dc\u00c9 en LAGORCE aan de provinciale weg D1 aan de linkerkant.<\/p>\n\n\n\n<p>B) \u2013 Afslag MONTELIMAR ZUID<br>Richting PIERRELATTE, vervolgens BOURG St AND\u00c9OL.<br>Richting VALLON PONT D&#8217;ARC, St REMEZE.<br>Bij de ingang van VALLON PONT D&#8217;ARC, richting LAGORCE, direct aan de departementale weg D1.<br>De camping &#8220;Les Silhols&#8221; bevindt zich tussen LAGORCE en VOG\u00dc\u00c9 aan de rechterkant.<br>MONTELIMAR\u00a0 -> Camping &#8220;Les Silhols\u201d\u00a0 40 Km.<br>Vanaf MONTPELLIER, snelweg LA LANGUEDOCIENNE A9, afslag N\u00ceMES OUEST<br>Richting ALES door RN 106 &#8211; D904 richting ST AMBROIX-D11 richting VALLON PONT D&#8217;ARC \/ RUOMS &#8211;<br>D579 tot VALLON PONR D\u2019 ARC &#8211; D01 tot LAGORCE<br>De camping &#8220;Les Silhols&#8221; ligt een paar kilometer tussen LAGORCE en VOG\u00dc\u00c9 aan de rechterkant op de D1.<br>N\u00ceMES &#8211; Richting ALES \/ VALLON PONT D\u2019ARC -> Camping &#8220;Les Silhols&#8221; 100 km.<br>Wij wensen u een zeer aangename reis, uw vakantie begint nu.<\/p>\n\n\n<style>#kt-layout-id_e11855-03 > .kt-row-column-wrap{align-content:start;}:where(#kt-layout-id_e11855-03 > .kt-row-column-wrap) > .wp-block-kadence-column{justify-content:start;}#kt-layout-id_e11855-03 > .kt-row-column-wrap{column-gap:var(--global-kb-gap-md, 2rem);row-gap:var(--global-kb-gap-md, 2rem);padding-top:var( --global-kb-row-default-top, 25px );padding-bottom:var( --global-kb-row-default-bottom, 25px );padding-top:var(--global-kb-spacing-sm, 1.5rem);padding-bottom:var(--global-kb-spacing-sm, 1.5rem);grid-template-columns:repeat(2, minmax(0, 1fr));}#kt-layout-id_e11855-03 > .kt-row-layout-overlay{opacity:0.30;}@media all and (max-width: 1024px){#kt-layout-id_e11855-03 > .kt-row-column-wrap{grid-template-columns:repeat(2, minmax(0, 1fr));}}@media all and (max-width: 767px){#kt-layout-id_e11855-03 > .kt-row-column-wrap{grid-template-columns:minmax(0, 1fr);}}<\/style>\n<div class=\"wp-block-kadence-rowlayout alignnone\"><div id=\"kt-layout-id_e11855-03\" class=\"kt-row-layout-inner  kt-layout-id_e11855-03\"><div class=\"kt-row-column-wrap kt-has-2-columns kt-gutter-default kt-v-gutter-default kt-row-valign-top kt-row-layout-equal kt-tab-layout-inherit kt-m-colapse-left-to-right kt-mobile-layout-row\"><style>.kadence-column_48ac80-3d > .kt-inside-inner-col{border-top-width:0px;border-right-width:0px;border-bottom-width:0px;border-left-width:0px;}.kadence-column_48ac80-3d > .kt-inside-inner-col,.kadence-column_48ac80-3d > .kt-inside-inner-col:before{border-top-left-radius:0px;border-top-right-radius:0px;border-bottom-right-radius:0px;border-bottom-left-radius:0px;}.kadence-column_48ac80-3d > .kt-inside-inner-col:before{opacity:0.3;}.kadence-column_48ac80-3d{position:relative;}<\/style>\n<div class=\"wp-block-kadence-column inner-column-1 kadence-column_48ac80-3d\"><div class=\"kt-inside-inner-col\">\n<div class=\"wp-block-image\"><figure class=\"aligncenter size-large\"><img loading=\"lazy\" decoding=\"async\" width=\"177\" height=\"285\" src=\"http:\/\/camping-les-silhols.com\/web\/wp-content\/uploads\/2020\/02\/acce2.jpg\" alt=\"\" class=\"wp-image-95\" srcset=\"https:\/\/camping-les-silhols.com\/web\/wp-content\/uploads\/2020\/02\/acce2.jpg 177w, https:\/\/camping-les-silhols.com\/web\/wp-content\/uploads\/2020\/02\/acce2-93x150.jpg 93w\" sizes=\"auto, (max-width: 177px) 100vw, 177px\" \/><\/figure><\/div>\n<\/div><\/div>\n\n\n<style>.kadence-column_90f500-e6 > .kt-inside-inner-col{border-top-width:0px;border-right-width:0px;border-bottom-width:0px;border-left-width:0px;}.kadence-column_90f500-e6 > .kt-inside-inner-col,.kadence-column_90f500-e6 > .kt-inside-inner-col:before{border-top-left-radius:0px;border-top-right-radius:0px;border-bottom-right-radius:0px;border-bottom-left-radius:0px;}.kadence-column_90f500-e6 > .kt-inside-inner-col:before{opacity:0.3;}.kadence-column_90f500-e6{position:relative;}<\/style>\n<div class=\"wp-block-kadence-column inner-column-2 kadence-column_90f500-e6\"><div class=\"kt-inside-inner-col\">\n<div class=\"wp-block-image\"><figure class=\"aligncenter size-large\"><img loading=\"lazy\" decoding=\"async\" width=\"203\" height=\"195\" src=\"http:\/\/camping-les-silhols.com\/web\/wp-content\/uploads\/2020\/02\/acce1.jpg\" alt=\"\" class=\"wp-image-94\" srcset=\"https:\/\/camping-les-silhols.com\/web\/wp-content\/uploads\/2020\/02\/acce1.jpg 203w, https:\/\/camping-les-silhols.com\/web\/wp-content\/uploads\/2020\/02\/acce1-150x144.jpg 150w\" sizes=\"auto, (max-width: 203px) 100vw, 203px\" \/><\/figure><\/div>\n<\/div><\/div>\n<\/div><\/div><\/div>\n","protected":false},"excerpt":{"rendered":"<p>Snelweg A 7 Autoroute du Soleil, GPS Lengtegraad: E 4\u00b025 &#8217;18 &#8220;Breedtegraad: N 44\u00b028 &#8217;31&#8221; A) &#8211; Afslag MONTELIMAR NORDRichting MONTELIMAR, LE TEIL, VILLENEUVE DE BERG door RN 102.Richting VALLON PONT D&#8217;ARC, VOG\u00dc\u00c9.De camping &#8220;Les Silhols&#8221; bevindt zich tussen VOG\u00dc\u00c9 en LAGORCE aan de provinciale weg D1 aan de linkerkant&#8230;.<\/p>\n<p> <a class=\"continue-reading-link\" href=\"https:\/\/camping-les-silhols.com\/web\/index.php\/routeplanner\/\"><span>Continue reading<\/span><i class=\"crycon-right-dir\"><\/i><\/a> <\/p>\n","protected":false},"author":1,"featured_media":0,"parent":0,"menu_order":0,"comment_status":"closed","ping_status":"closed","template":"","meta":{"footnotes":""},"class_list":["post-171","page","type-page","status-publish","hentry"],"_links":{"self":[{"href":"https:\/\/camping-les-silhols.com\/web\/index.php\/wp-json\/wp\/v2\/pages\/171","targetHints":{"allow":["GET"]}}],"collection":[{"href":"https:\/\/camping-les-silhols.com\/web\/index.php\/wp-json\/wp\/v2\/pages"}],"about":[{"href":"https:\/\/camping-les-silhols.com\/web\/index.php\/wp-json\/wp\/v2\/types\/page"}],"author":[{"embeddable":true,"href":"https:\/\/camping-les-silhols.com\/web\/index.php\/wp-json\/wp\/v2\/users\/1"}],"replies":[{"embeddable":true,"href":"https:\/\/camping-les-silhols.com\/web\/index.php\/wp-json\/wp\/v2\/comments?post=171"}],"version-history":[{"count":3,"href":"https:\/\/camping-les-silhols.com\/web\/index.php\/wp-json\/wp\/v2\/pages\/171\/revisions"}],"predecessor-version":[{"id":199,"href":"https:\/\/camping-les-silhols.com\/web\/index.php\/wp-json\/wp\/v2\/pages\/171\/revisions\/199"}],"wp:attachment":[{"href":"https:\/\/camping-les-silhols.com\/web\/index.php\/wp-json\/wp\/v2\/media?parent=171"}],"curies":[{"name":"wp","href":"https:\/\/api.w.org\/{rel}","templated":true}]}}